{"id":1519,"date":"2020-10-12T00:00:00","date_gmt":"2020-10-11T22:00:00","guid":{"rendered":"https:\/\/xarcuteriaparis.com\/producto\/mandonguilles-2\/"},"modified":"2025-10-02T14:19:16","modified_gmt":"2025-10-02T12:19:16","slug":"albondigas","status":"publish","type":"product","link":"https:\/\/xarcuteriaparis.com\/esp\/botiga-online\/cocina\/albondigas\/","title":{"rendered":"Alb\u00f3ndigas"},"content":{"rendered":"<p><strong>INGREDIENTES:<\/strong> Pollo, cerdo, harina, huevo, ajo, perejil, pan rallado, tomate, cebolla y especies.<\/p>\n<p><strong>ALERGENOS:<\/strong> GLUTEN y HUEVO.<\/p>\n<p><strong>PREPARACI\u00d3N:<\/strong><\/p>\n<p>Calentar y comer.<\/p>\n","protected":false},"excerpt":{"rendered":"<p><strong>10,20\u20ac\/ unidad de un peso de<\/strong> 580-600gr\/ aproximadamente<\/p>\n<p>Alb\u00f3ndigas de carne picada de pollo y cerdo con un toque de ajo y perejil, acompa\u00f1adas de un sofrito de tomate y cebolla. Una receta de toda la vida que no te dejar\u00e1 indiferente. Cada unidad contiene entre 10-11 alb\u00f3ndigas. Elaboradas artesanalmente.<\/p>\n<p><strong>PRECIO:<\/strong><br \/>\n17,00\u20ac\/Kg<br \/>\n10,20\u20ac\/unidad<\/p>\n","protected":false},"featured_media":4922,"template":"","meta":{"inline_featured_image":false},"product_brand":[],"product_cat":[124],"product_tag":[],"class_list":{"0":"post-1519","1":"product","2":"type-product","3":"status-publish","4":"has-post-thumbnail","6":"product_cat-cocina","7":"sales-flash-overlay","8":"woocommerce-text-align-center","9":"woocommerce-image-align-center","10":"do-quantity-buttons","12":"first","13":"instock","14":"taxable","15":"shipping-taxable","16":"purchasable","17":"product-type-simple","18":"add-to-wishlist-after_add_to_cart"},"_links":{"self":[{"href":"https:\/\/xarcuteriaparis.com\/esp\/wp-json\/wp\/v2\/product\/1519","targetHints":{"allow":["GET"]}}],"collection":[{"href":"https:\/\/xarcuteriaparis.com\/esp\/wp-json\/wp\/v2\/product"}],"about":[{"href":"https:\/\/xarcuteriaparis.com\/esp\/wp-json\/wp\/v2\/types\/product"}],"wp:featuredmedia":[{"embeddable":true,"href":"https:\/\/xarcuteriaparis.com\/esp\/wp-json\/wp\/v2\/media\/4922"}],"wp:attachment":[{"href":"https:\/\/xarcuteriaparis.com\/esp\/wp-json\/wp\/v2\/media?parent=1519"}],"wp:term":[{"taxonomy":"product_brand","embeddable":true,"href":"https:\/\/xarcuteriaparis.com\/esp\/wp-json\/wp\/v2\/product_brand?post=1519"},{"taxonomy":"product_cat","embeddable":true,"href":"https:\/\/xarcuteriaparis.com\/esp\/wp-json\/wp\/v2\/product_cat?post=1519"},{"taxonomy":"product_tag","embeddable":true,"href":"https:\/\/xarcuteriaparis.com\/esp\/wp-json\/wp\/v2\/product_tag?post=1519"}],"curies":[{"name":"wp","href":"https:\/\/api.w.org\/{rel}","templated":true}]}}