{"id":1494,"date":"2020-10-12T00:00:00","date_gmt":"2020-10-11T22:00:00","guid":{"rendered":"https:\/\/xarcuteriaparis.com\/producto\/llibrets-pernil-formatge\/"},"modified":"2025-06-19T16:22:50","modified_gmt":"2025-06-19T14:22:50","slug":"libritos-jamon-y-queso","status":"publish","type":"product","link":"https:\/\/xarcuteriaparis.com\/esp\/botiga-online\/rebozados\/libritos-jamon-y-queso\/","title":{"rendered":"Libritos Jam\u00f3n y Queso"},"content":{"rendered":"<p><strong>INGREDIENTES:<\/strong> Lomo de cerdo, queso, jam\u00f3n york PAR\u00cdS y pan rallado.<\/p>\n<p><strong>ALERGENOS:<\/strong> L\u00c1CTEOS y GLUTEN.<\/p>\n<p><strong>PREPARACI\u00d3N:<\/strong><\/p>\n<p>Paella: Fre\u00edr con aceite caliente, una vez cocinado ponerlo sobre un papel absorbente.<br \/>\nHorno: Regar ligeramente con aceite de oliva el librito y hornear a 190\u00ba durante 10-15 minutos. El horno tiene que estar precalentado.<\/p>\n","protected":false},"excerpt":{"rendered":"<p><strong>7,56\u20ac\/ bandeja de 4 libritos<\/strong><\/p>\n<p>Peso bandeja 410-420gr\/ aproximadamente<\/p>\n<p>Deliciosos Libritos Jam\u00f3n y Queso de lomo rebozado y rellenos con queso y jam\u00f3n york PAR\u00cdS. Elaborado artesanalmente.<\/p>\n<p><strong>PRECIO:<\/strong><br \/>\n17,99\u20ac\/Kg<br \/>\n7,56\u20ac\/ bandeja<\/p>\n","protected":false},"featured_media":4765,"template":"","meta":{"inline_featured_image":false},"product_brand":[],"product_cat":[119],"product_tag":[],"class_list":{"0":"post-1494","1":"product","2":"type-product","3":"status-publish","4":"has-post-thumbnail","6":"product_cat-rebozados","7":"sales-flash-overlay","8":"woocommerce-text-align-center","9":"woocommerce-image-align-center","10":"do-quantity-buttons","12":"first","13":"instock","14":"taxable","15":"shipping-taxable","16":"purchasable","17":"product-type-simple","18":"add-to-wishlist-after_add_to_cart"},"_links":{"self":[{"href":"https:\/\/xarcuteriaparis.com\/esp\/wp-json\/wp\/v2\/product\/1494","targetHints":{"allow":["GET"]}}],"collection":[{"href":"https:\/\/xarcuteriaparis.com\/esp\/wp-json\/wp\/v2\/product"}],"about":[{"href":"https:\/\/xarcuteriaparis.com\/esp\/wp-json\/wp\/v2\/types\/product"}],"wp:featuredmedia":[{"embeddable":true,"href":"https:\/\/xarcuteriaparis.com\/esp\/wp-json\/wp\/v2\/media\/4765"}],"wp:attachment":[{"href":"https:\/\/xarcuteriaparis.com\/esp\/wp-json\/wp\/v2\/media?parent=1494"}],"wp:term":[{"taxonomy":"product_brand","embeddable":true,"href":"https:\/\/xarcuteriaparis.com\/esp\/wp-json\/wp\/v2\/product_brand?post=1494"},{"taxonomy":"product_cat","embeddable":true,"href":"https:\/\/xarcuteriaparis.com\/esp\/wp-json\/wp\/v2\/product_cat?post=1494"},{"taxonomy":"product_tag","embeddable":true,"href":"https:\/\/xarcuteriaparis.com\/esp\/wp-json\/wp\/v2\/product_tag?post=1494"}],"curies":[{"name":"wp","href":"https:\/\/api.w.org\/{rel}","templated":true}]}}