{"id":1488,"date":"2020-10-12T00:00:00","date_gmt":"2020-10-11T22:00:00","guid":{"rendered":"https:\/\/xarcuteriaparis.com\/producto\/croquetes-pernil\/"},"modified":"2025-06-28T11:00:37","modified_gmt":"2025-06-28T09:00:37","slug":"croquetas-jamon","status":"publish","type":"product","link":"https:\/\/xarcuteriaparis.com\/esp\/botiga-online\/rebozados\/croquetas-jamon\/","title":{"rendered":"Croquetas Jam\u00f3n"},"content":{"rendered":"<p><strong>INGREDIENTES:<\/strong> Leche, harina, mantequilla, aceite de oliva, jam\u00f3n ib\u00e9rico, huevo y pan rallado.<\/p>\n<p><strong>ALERGENOS:<\/strong> L\u00c1CTEOS, GLUTEN y HUEVO<\/p>\n<p><strong>PREPARACI\u00d3N:<\/strong><\/p>\n<p>Paella: Fre\u00edr con aceite caliente, una vez cocinado ponerlo sobre un papel absorbente.<\/p>\n<p>Freidora:\u00a0 Fre\u00edr con aceite caliente, una vez cocinado ponerlo sobre un papel absorbente.<\/p>\n","protected":false},"excerpt":{"rendered":"<p><strong>7,20\u20ac\/ bandeja de\u00a0 8 croquetas <\/strong><\/p>\n<p>Cl\u00e1sica receta de croquetas de la abuela con jam\u00f3n ib\u00e9rico. Elaborado artesanalmente.<\/p>\n<p><strong>PRECIO:<\/strong><\/p>\n<p>7,20\u20ac\/ bandeja<\/p>\n","protected":false},"featured_media":4758,"template":"","meta":{"inline_featured_image":false},"product_brand":[],"product_cat":[119],"product_tag":[],"class_list":{"0":"post-1488","1":"product","2":"type-product","3":"status-publish","4":"has-post-thumbnail","6":"product_cat-rebozados","7":"sales-flash-overlay","8":"woocommerce-text-align-center","9":"woocommerce-image-align-center","10":"do-quantity-buttons","12":"first","13":"instock","14":"taxable","15":"shipping-taxable","16":"purchasable","17":"product-type-simple","18":"add-to-wishlist-after_add_to_cart"},"_links":{"self":[{"href":"https:\/\/xarcuteriaparis.com\/esp\/wp-json\/wp\/v2\/product\/1488","targetHints":{"allow":["GET"]}}],"collection":[{"href":"https:\/\/xarcuteriaparis.com\/esp\/wp-json\/wp\/v2\/product"}],"about":[{"href":"https:\/\/xarcuteriaparis.com\/esp\/wp-json\/wp\/v2\/types\/product"}],"wp:featuredmedia":[{"embeddable":true,"href":"https:\/\/xarcuteriaparis.com\/esp\/wp-json\/wp\/v2\/media\/4758"}],"wp:attachment":[{"href":"https:\/\/xarcuteriaparis.com\/esp\/wp-json\/wp\/v2\/media?parent=1488"}],"wp:term":[{"taxonomy":"product_brand","embeddable":true,"href":"https:\/\/xarcuteriaparis.com\/esp\/wp-json\/wp\/v2\/product_brand?post=1488"},{"taxonomy":"product_cat","embeddable":true,"href":"https:\/\/xarcuteriaparis.com\/esp\/wp-json\/wp\/v2\/product_cat?post=1488"},{"taxonomy":"product_tag","embeddable":true,"href":"https:\/\/xarcuteriaparis.com\/esp\/wp-json\/wp\/v2\/product_tag?post=1488"}],"curies":[{"name":"wp","href":"https:\/\/api.w.org\/{rel}","templated":true}]}}