{"id":1487,"date":"2020-10-12T00:00:00","date_gmt":"2020-10-11T22:00:00","guid":{"rendered":"https:\/\/xarcuteriaparis.com\/producto\/catxopo\/"},"modified":"2025-11-27T18:35:22","modified_gmt":"2025-11-27T17:35:22","slug":"cachopo","status":"publish","type":"product","link":"https:\/\/xarcuteriaparis.com\/esp\/botiga-online\/rebozados\/cachopo\/","title":{"rendered":"Cachopo"},"content":{"rendered":"<p><strong>INGREDIENTES:<\/strong> Ternera, queso, pimiento rojo, jam\u00f3n ib\u00e9rico y pan rallado.<\/p>\n<p><strong>ALERGENOS:\u00a0<\/strong> L\u00c1CTEOS y GLUTEN<\/p>\n<p><strong>PREPARACI\u00d3N:<\/strong><\/p>\n<p>Paella: Fre\u00edr con aceite caliente, una vez cocinado ponerlo sobre un papel absorbente.<\/p>\n<p>Horno: Regar ligeramente con aceite de oliva y hornear a 190\u00ba durante 10-15 minutos. El horno tiene que estar precalentado.<\/p>\n","protected":false},"excerpt":{"rendered":"<p><strong>12,16\u20ac\/ unidad de un peso de<\/strong> 360\u2014380gr\/ aproximadamente<\/p>\n<p>Nuestra deliciosa receta de ternera rebozada rellena con queso, pimiento y jam\u00f3n ib\u00e9rico, no te dejar\u00e1 indiferente. Elaborado artesanalmente.<\/p>\n<p><strong>PRECIO:<\/strong><\/p>\n<p>31,99\u20ac\/ Kg<\/p>\n<p>12,16\u20ac\/unidad<\/p>\n","protected":false},"featured_media":4755,"template":"","meta":{"inline_featured_image":false},"product_brand":[],"product_cat":[119],"product_tag":[],"class_list":{"0":"post-1487","1":"product","2":"type-product","3":"status-publish","4":"has-post-thumbnail","6":"product_cat-rebozados","7":"sales-flash-overlay","8":"woocommerce-text-align-center","9":"woocommerce-image-align-center","10":"do-quantity-buttons","12":"first","13":"instock","14":"taxable","15":"shipping-taxable","16":"purchasable","17":"product-type-simple","18":"add-to-wishlist-after_add_to_cart"},"_links":{"self":[{"href":"https:\/\/xarcuteriaparis.com\/esp\/wp-json\/wp\/v2\/product\/1487","targetHints":{"allow":["GET"]}}],"collection":[{"href":"https:\/\/xarcuteriaparis.com\/esp\/wp-json\/wp\/v2\/product"}],"about":[{"href":"https:\/\/xarcuteriaparis.com\/esp\/wp-json\/wp\/v2\/types\/product"}],"wp:featuredmedia":[{"embeddable":true,"href":"https:\/\/xarcuteriaparis.com\/esp\/wp-json\/wp\/v2\/media\/4755"}],"wp:attachment":[{"href":"https:\/\/xarcuteriaparis.com\/esp\/wp-json\/wp\/v2\/media?parent=1487"}],"wp:term":[{"taxonomy":"product_brand","embeddable":true,"href":"https:\/\/xarcuteriaparis.com\/esp\/wp-json\/wp\/v2\/product_brand?post=1487"},{"taxonomy":"product_cat","embeddable":true,"href":"https:\/\/xarcuteriaparis.com\/esp\/wp-json\/wp\/v2\/product_cat?post=1487"},{"taxonomy":"product_tag","embeddable":true,"href":"https:\/\/xarcuteriaparis.com\/esp\/wp-json\/wp\/v2\/product_tag?post=1487"}],"curies":[{"name":"wp","href":"https:\/\/api.w.org\/{rel}","templated":true}]}}