{"id":1485,"date":"2020-10-12T00:00:00","date_gmt":"2020-10-11T22:00:00","guid":{"rendered":"https:\/\/xarcuteriaparis.com\/producto\/xoric-vermell-iberic\/"},"modified":"2025-07-22T10:25:21","modified_gmt":"2025-07-22T08:25:21","slug":"chorizo-rojo-iberico","status":"publish","type":"product","link":"https:\/\/xarcuteriaparis.com\/esp\/botiga-online\/embutidos-de-otros-fabricantes\/chorizo-rojo-iberico\/","title":{"rendered":"Chorizo Rojo Ib\u00e9rico"},"content":{"rendered":"<p><strong>INGREDIENTES:<\/strong> Cerdo ib\u00e9rico, sal, piment\u00f3n, prote\u00edna soja, prote\u00edna leche, leche polvo, az\u00facar, especias, emulgentes, antioxidante, conservador, colorante.<\/p>\n<p><strong>ALERGENOS:<\/strong>\u00a0 L\u00c1CTEOS<\/p>\n","protected":false},"excerpt":{"rendered":"<p><strong>8,55\u20ac\/ unidad de un peso de<\/strong> 290-300gr\/ aproximadamente<\/p>\n<p>La perfecta combinaci\u00f3n del magro de cerdo con la proporci\u00f3n adecuada de tocino ib\u00e9rco, piment\u00f3n, ajo y una curaci\u00f3n tradicional. As\u00ed se obtiene un producto natural y de calidad, con elevado valor cal\u00f3rico y prote\u00edna de alto valor biol\u00f3gico, de aroma, color y sabor caracter\u00edsticos y arraigados en nuestra tierra.<\/p>\n<p><strong>PRECIO:<\/strong><\/p>\n<p>28,50\u20ac\/Kg<\/p>\n<p>8,55\u20ac\/unidad<\/p>\n","protected":false},"featured_media":4742,"template":"","meta":{"inline_featured_image":false},"product_brand":[],"product_cat":[118],"product_tag":[],"class_list":{"0":"post-1485","1":"product","2":"type-product","3":"status-publish","4":"has-post-thumbnail","6":"product_cat-embutidos-de-otros-fabricantes","7":"sales-flash-overlay","8":"woocommerce-text-align-center","9":"woocommerce-image-align-center","10":"do-quantity-buttons","12":"first","13":"instock","14":"taxable","15":"shipping-taxable","16":"purchasable","17":"product-type-simple","18":"add-to-wishlist-after_add_to_cart"},"_links":{"self":[{"href":"https:\/\/xarcuteriaparis.com\/esp\/wp-json\/wp\/v2\/product\/1485","targetHints":{"allow":["GET"]}}],"collection":[{"href":"https:\/\/xarcuteriaparis.com\/esp\/wp-json\/wp\/v2\/product"}],"about":[{"href":"https:\/\/xarcuteriaparis.com\/esp\/wp-json\/wp\/v2\/types\/product"}],"wp:featuredmedia":[{"embeddable":true,"href":"https:\/\/xarcuteriaparis.com\/esp\/wp-json\/wp\/v2\/media\/4742"}],"wp:attachment":[{"href":"https:\/\/xarcuteriaparis.com\/esp\/wp-json\/wp\/v2\/media?parent=1485"}],"wp:term":[{"taxonomy":"product_brand","embeddable":true,"href":"https:\/\/xarcuteriaparis.com\/esp\/wp-json\/wp\/v2\/product_brand?post=1485"},{"taxonomy":"product_cat","embeddable":true,"href":"https:\/\/xarcuteriaparis.com\/esp\/wp-json\/wp\/v2\/product_cat?post=1485"},{"taxonomy":"product_tag","embeddable":true,"href":"https:\/\/xarcuteriaparis.com\/esp\/wp-json\/wp\/v2\/product_tag?post=1485"}],"curies":[{"name":"wp","href":"https:\/\/api.w.org\/{rel}","templated":true}]}}