{"id":1477,"date":"2020-10-12T00:00:00","date_gmt":"2020-10-11T22:00:00","guid":{"rendered":"https:\/\/xarcuteriaparis.com\/producto\/llom-curat-iberic-argal\/"},"modified":"2026-03-30T15:25:03","modified_gmt":"2026-03-30T13:25:03","slug":"lomo-iberico-curado","status":"publish","type":"product","link":"https:\/\/xarcuteriaparis.com\/esp\/botiga-online\/embutidos-de-otros-fabricantes\/lomo-iberico-curado\/","title":{"rendered":"Lomo Ib\u00e9rico Curado"},"content":{"rendered":"<p><strong>INGREDIENTES:<\/strong> Lomo de cerdo ib\u00e9rico, sal, piment\u00f3n, az\u00facar, especies, antioxidante y conservante.<\/p>\n<p><strong>ALERGENOS:<\/strong> &#8212;<\/p>\n","protected":false},"excerpt":{"rendered":"<p><strong>20,15\u20ac\/ unidad de un peso de<\/strong> 290\u2014300gr\/ aproximadamente<\/p>\n<p>Una de las piezas m\u00e1s gustosas del cerdo ib\u00e9rico, con una textura fina y un gusto persistente y inigualable.<\/p>\n<p><strong>PRECIO:<\/strong><\/p>\n<p>67,15\u20ac\/Kg<\/p>\n<p>20,15\u20ac\/unidad<\/p>\n","protected":false},"featured_media":4734,"template":"","meta":{"inline_featured_image":false},"product_brand":[],"product_cat":[118],"product_tag":[],"class_list":{"0":"post-1477","1":"product","2":"type-product","3":"status-publish","4":"has-post-thumbnail","6":"product_cat-embutidos-de-otros-fabricantes","7":"sales-flash-overlay","8":"woocommerce-text-align-center","9":"woocommerce-image-align-center","10":"do-quantity-buttons","12":"first","13":"instock","14":"taxable","15":"shipping-taxable","16":"purchasable","17":"product-type-simple","18":"add-to-wishlist-after_add_to_cart"},"_links":{"self":[{"href":"https:\/\/xarcuteriaparis.com\/esp\/wp-json\/wp\/v2\/product\/1477","targetHints":{"allow":["GET"]}}],"collection":[{"href":"https:\/\/xarcuteriaparis.com\/esp\/wp-json\/wp\/v2\/product"}],"about":[{"href":"https:\/\/xarcuteriaparis.com\/esp\/wp-json\/wp\/v2\/types\/product"}],"wp:featuredmedia":[{"embeddable":true,"href":"https:\/\/xarcuteriaparis.com\/esp\/wp-json\/wp\/v2\/media\/4734"}],"wp:attachment":[{"href":"https:\/\/xarcuteriaparis.com\/esp\/wp-json\/wp\/v2\/media?parent=1477"}],"wp:term":[{"taxonomy":"product_brand","embeddable":true,"href":"https:\/\/xarcuteriaparis.com\/esp\/wp-json\/wp\/v2\/product_brand?post=1477"},{"taxonomy":"product_cat","embeddable":true,"href":"https:\/\/xarcuteriaparis.com\/esp\/wp-json\/wp\/v2\/product_cat?post=1477"},{"taxonomy":"product_tag","embeddable":true,"href":"https:\/\/xarcuteriaparis.com\/esp\/wp-json\/wp\/v2\/product_tag?post=1477"}],"curies":[{"name":"wp","href":"https:\/\/api.w.org\/{rel}","templated":true}]}}