{"id":1469,"date":"2020-10-12T00:00:00","date_gmt":"2020-10-11T22:00:00","guid":{"rendered":"https:\/\/xarcuteriaparis.com\/producto\/espatlla-iberica-maquina\/"},"modified":"2023-11-09T12:00:55","modified_gmt":"2023-11-09T11:00:55","slug":"paleta-iberica-sin-hueso","status":"publish","type":"product","link":"https:\/\/xarcuteriaparis.com\/esp\/botiga-online\/jamon\/paleta-iberica-sin-hueso\/","title":{"rendered":"Paleta Ib\u00e9rica sin Hueso"},"content":{"rendered":"<p><strong>ALERGENOS: &#8211;<\/strong><\/p>\n","protected":false},"excerpt":{"rendered":"<p><strong>20,09\u20ac\/ unidad de un peso de<\/strong> 250-260gr\/ aproximadamente<\/p>\n<p>Paleta Ib\u00e9rica sin Hueso. Paleta de cebo de campo ib\u00e9rica, cerdo criado al aire libre en Extremadura. 50% raza ib\u00e9rica.<\/p>\n<p><strong>PRECIO:<\/strong><br \/>\n77,25\u20ac\/ Kg<br \/>\n20,09\u20ac\/unidad<\/p>\n","protected":false},"featured_media":5364,"template":"","meta":{"inline_featured_image":false},"product_brand":[],"product_cat":[115],"product_tag":[],"class_list":{"0":"post-1469","1":"product","2":"type-product","3":"status-publish","4":"has-post-thumbnail","6":"product_cat-jamon","7":"sales-flash-overlay","8":"woocommerce-text-align-center","9":"woocommerce-image-align-center","10":"do-quantity-buttons","12":"first","13":"instock","14":"taxable","15":"shipping-taxable","16":"purchasable","17":"product-type-variable","18":"add-to-wishlist-after_add_to_cart"},"_links":{"self":[{"href":"https:\/\/xarcuteriaparis.com\/esp\/wp-json\/wp\/v2\/product\/1469","targetHints":{"allow":["GET"]}}],"collection":[{"href":"https:\/\/xarcuteriaparis.com\/esp\/wp-json\/wp\/v2\/product"}],"about":[{"href":"https:\/\/xarcuteriaparis.com\/esp\/wp-json\/wp\/v2\/types\/product"}],"wp:featuredmedia":[{"embeddable":true,"href":"https:\/\/xarcuteriaparis.com\/esp\/wp-json\/wp\/v2\/media\/5364"}],"wp:attachment":[{"href":"https:\/\/xarcuteriaparis.com\/esp\/wp-json\/wp\/v2\/media?parent=1469"}],"wp:term":[{"taxonomy":"product_brand","embeddable":true,"href":"https:\/\/xarcuteriaparis.com\/esp\/wp-json\/wp\/v2\/product_brand?post=1469"},{"taxonomy":"product_cat","embeddable":true,"href":"https:\/\/xarcuteriaparis.com\/esp\/wp-json\/wp\/v2\/product_cat?post=1469"},{"taxonomy":"product_tag","embeddable":true,"href":"https:\/\/xarcuteriaparis.com\/esp\/wp-json\/wp\/v2\/product_tag?post=1469"}],"curies":[{"name":"wp","href":"https:\/\/api.w.org\/{rel}","templated":true}]}}