{"id":1468,"date":"2020-10-12T00:00:00","date_gmt":"2020-10-11T22:00:00","guid":{"rendered":"https:\/\/xarcuteriaparis.com\/producto\/pernil-pais-maquina\/"},"modified":"2023-11-09T11:58:15","modified_gmt":"2023-11-09T10:58:15","slug":"jamon-pais-cortado-a-maquina","status":"publish","type":"product","link":"https:\/\/xarcuteriaparis.com\/esp\/botiga-online\/jamon\/jamon-pais-cortado-a-maquina\/","title":{"rendered":"Jam\u00f3n Pa\u00eds cortado a m\u00e1quina"},"content":{"rendered":"<p><strong>ALERGENOS: &#8211;<\/strong><\/p>\n","protected":false},"excerpt":{"rendered":"<p><strong>7,15\u20ac\/ unidad de un peso de<\/strong> 250-260gr\/ aproximadamente<\/p>\n<p>Jam\u00f3n Pa\u00eds cortado a m\u00e1quina. Jam\u00f3n serrano reserva, m\u00e1s de 14 meses de curaci\u00f3n.<\/p>\n<p><strong>PRECIO:<\/strong><br \/>\n27,49\u20ac\/Kg<br \/>\n7,15\u20ac\/unidad<\/p>\n<p>&nbsp;<\/p>\n","protected":false},"featured_media":5367,"template":"","meta":{"inline_featured_image":false},"product_brand":[],"product_cat":[115],"product_tag":[],"class_list":{"0":"post-1468","1":"product","2":"type-product","3":"status-publish","4":"has-post-thumbnail","6":"product_cat-jamon","7":"sales-flash-overlay","8":"woocommerce-text-align-center","9":"woocommerce-image-align-center","10":"do-quantity-buttons","12":"first","13":"instock","14":"taxable","15":"shipping-taxable","16":"purchasable","17":"product-type-variable","18":"add-to-wishlist-after_add_to_cart"},"_links":{"self":[{"href":"https:\/\/xarcuteriaparis.com\/esp\/wp-json\/wp\/v2\/product\/1468","targetHints":{"allow":["GET"]}}],"collection":[{"href":"https:\/\/xarcuteriaparis.com\/esp\/wp-json\/wp\/v2\/product"}],"about":[{"href":"https:\/\/xarcuteriaparis.com\/esp\/wp-json\/wp\/v2\/types\/product"}],"wp:featuredmedia":[{"embeddable":true,"href":"https:\/\/xarcuteriaparis.com\/esp\/wp-json\/wp\/v2\/media\/5367"}],"wp:attachment":[{"href":"https:\/\/xarcuteriaparis.com\/esp\/wp-json\/wp\/v2\/media?parent=1468"}],"wp:term":[{"taxonomy":"product_brand","embeddable":true,"href":"https:\/\/xarcuteriaparis.com\/esp\/wp-json\/wp\/v2\/product_brand?post=1468"},{"taxonomy":"product_cat","embeddable":true,"href":"https:\/\/xarcuteriaparis.com\/esp\/wp-json\/wp\/v2\/product_cat?post=1468"},{"taxonomy":"product_tag","embeddable":true,"href":"https:\/\/xarcuteriaparis.com\/esp\/wp-json\/wp\/v2\/product_tag?post=1468"}],"curies":[{"name":"wp","href":"https:\/\/api.w.org\/{rel}","templated":true}]}}