{"id":1467,"date":"2020-10-12T00:00:00","date_gmt":"2020-10-11T22:00:00","guid":{"rendered":"https:\/\/xarcuteriaparis.com\/producto\/pernil-pais-a-ma\/"},"modified":"2025-11-08T10:02:00","modified_gmt":"2025-11-08T09:02:00","slug":"jamon-pais-cortado-a-mano","status":"publish","type":"product","link":"https:\/\/xarcuteriaparis.com\/esp\/botiga-online\/jamon\/jamon-pais-cortado-a-mano\/","title":{"rendered":"Jam\u00f3n Pa\u00eds cortado a mano"},"content":{"rendered":"<p><strong>ALERGENOS:-<\/strong><\/p>\n","protected":false},"excerpt":{"rendered":"<p><strong>10,40\u20ac\/ unidad de un peso de<\/strong> 250-260gr\/ aproximadamente<\/p>\n<p>Jam\u00f3n Pa\u00eds cortado a mano. Jam\u00f3n de Extremadura, gen\u00e9tica Duroc. Gran Reserva, m\u00e1s de 15 meses de curaci\u00f3n.<\/p>\n<p><strong>PRECIO:<\/strong><br \/>\n39,99\u20ac\/Kg<br \/>\n10,40\u20ac\/unidad<\/p>\n<p>&nbsp;<\/p>\n","protected":false},"featured_media":5470,"template":"","meta":{"inline_featured_image":false},"product_brand":[],"product_cat":[115],"product_tag":[],"class_list":{"0":"post-1467","1":"product","2":"type-product","3":"status-publish","4":"has-post-thumbnail","6":"product_cat-jamon","7":"sales-flash-overlay","8":"woocommerce-text-align-center","9":"woocommerce-image-align-center","10":"do-quantity-buttons","12":"first","13":"instock","14":"taxable","15":"shipping-taxable","16":"purchasable","17":"product-type-variable","18":"add-to-wishlist-after_add_to_cart"},"_links":{"self":[{"href":"https:\/\/xarcuteriaparis.com\/esp\/wp-json\/wp\/v2\/product\/1467","targetHints":{"allow":["GET"]}}],"collection":[{"href":"https:\/\/xarcuteriaparis.com\/esp\/wp-json\/wp\/v2\/product"}],"about":[{"href":"https:\/\/xarcuteriaparis.com\/esp\/wp-json\/wp\/v2\/types\/product"}],"wp:featuredmedia":[{"embeddable":true,"href":"https:\/\/xarcuteriaparis.com\/esp\/wp-json\/wp\/v2\/media\/5470"}],"wp:attachment":[{"href":"https:\/\/xarcuteriaparis.com\/esp\/wp-json\/wp\/v2\/media?parent=1467"}],"wp:term":[{"taxonomy":"product_brand","embeddable":true,"href":"https:\/\/xarcuteriaparis.com\/esp\/wp-json\/wp\/v2\/product_brand?post=1467"},{"taxonomy":"product_cat","embeddable":true,"href":"https:\/\/xarcuteriaparis.com\/esp\/wp-json\/wp\/v2\/product_cat?post=1467"},{"taxonomy":"product_tag","embeddable":true,"href":"https:\/\/xarcuteriaparis.com\/esp\/wp-json\/wp\/v2\/product_tag?post=1467"}],"curies":[{"name":"wp","href":"https:\/\/api.w.org\/{rel}","templated":true}]}}