{"id":1464,"date":"2020-10-12T00:00:00","date_gmt":"2020-10-11T22:00:00","guid":{"rendered":"https:\/\/xarcuteriaparis.com\/producto\/pernil-iberic-sencer\/"},"modified":"2025-11-08T09:58:27","modified_gmt":"2025-11-08T08:58:27","slug":"jamon-iberico-entero","status":"publish","type":"product","link":"https:\/\/xarcuteriaparis.com\/esp\/botiga-online\/jamon\/jamon-iberico-entero\/","title":{"rendered":"Jam\u00f3n Ib\u00e9rico Entero"},"content":{"rendered":"<p><strong>ALERGENOS: &#8211;<\/strong><\/p>\n","protected":false},"excerpt":{"rendered":"<p>Jam\u00f3n de cebo de campo ib\u00e9rico, cerdo criado al aire libre en Extremadura. 50% raza ib\u00e9rica. Extirpe negra.<br \/>\nUna unidad equivale a un jam\u00f3n entero de un peso aproximado entre 8,500Kg i 8,900Kg.<\/p>\n<p><strong>PRECIO:<\/strong><br \/>\n296,00\u20ac\/unidad<\/p>\n<p>&nbsp;<\/p>\n","protected":false},"featured_media":5366,"template":"","meta":{"inline_featured_image":false},"product_brand":[],"product_cat":[115],"product_tag":[],"class_list":{"0":"post-1464","1":"product","2":"type-product","3":"status-publish","4":"has-post-thumbnail","6":"product_cat-jamon","7":"sales-flash-overlay","8":"woocommerce-text-align-center","9":"woocommerce-image-align-center","10":"do-quantity-buttons","12":"first","13":"instock","14":"taxable","15":"shipping-taxable","16":"purchasable","17":"product-type-simple","18":"add-to-wishlist-after_add_to_cart"},"_links":{"self":[{"href":"https:\/\/xarcuteriaparis.com\/esp\/wp-json\/wp\/v2\/product\/1464","targetHints":{"allow":["GET"]}}],"collection":[{"href":"https:\/\/xarcuteriaparis.com\/esp\/wp-json\/wp\/v2\/product"}],"about":[{"href":"https:\/\/xarcuteriaparis.com\/esp\/wp-json\/wp\/v2\/types\/product"}],"wp:featuredmedia":[{"embeddable":true,"href":"https:\/\/xarcuteriaparis.com\/esp\/wp-json\/wp\/v2\/media\/5366"}],"wp:attachment":[{"href":"https:\/\/xarcuteriaparis.com\/esp\/wp-json\/wp\/v2\/media?parent=1464"}],"wp:term":[{"taxonomy":"product_brand","embeddable":true,"href":"https:\/\/xarcuteriaparis.com\/esp\/wp-json\/wp\/v2\/product_brand?post=1464"},{"taxonomy":"product_cat","embeddable":true,"href":"https:\/\/xarcuteriaparis.com\/esp\/wp-json\/wp\/v2\/product_cat?post=1464"},{"taxonomy":"product_tag","embeddable":true,"href":"https:\/\/xarcuteriaparis.com\/esp\/wp-json\/wp\/v2\/product_tag?post=1464"}],"curies":[{"name":"wp","href":"https:\/\/api.w.org\/{rel}","templated":true}]}}