{"id":1456,"date":"2020-10-12T00:00:00","date_gmt":"2020-10-11T22:00:00","guid":{"rendered":"https:\/\/xarcuteriaparis.com\/producto\/pizza-pala-diabola\/"},"modified":"2026-04-13T14:14:12","modified_gmt":"2026-04-13T12:14:12","slug":"pizza-pala-diabola","status":"publish","type":"product","link":"https:\/\/xarcuteriaparis.com\/esp\/botiga-online\/pizza\/pizza-pala-diabola\/","title":{"rendered":"Pizza Pala Diabola"},"content":{"rendered":"<p><strong>INGREDIENTES:<\/strong> Harina, s\u00e9mola trigo, levadura, queso, jam\u00f3n ib\u00e9rico, tomates confitados, tomate, sal i or\u00e9gano.<\/p>\n<p>Precalentar el horno a 220\u00baC, arriba y abajo y una vez caliente introducir la pizza con la bandeja de reja.<\/p>\n<p>Dejarla unos 12-15 minutos aproximadamente.<\/p>\n<p><strong>ALERGENOS:<\/strong>\u00a0GLUTEN y LACTEOS.<\/p>\n","protected":false},"excerpt":{"rendered":"<p>Pizza pala fresca de masa italiana y crujiente. Combinada con ingredientes de calidad y de elaboraci\u00f3n propia. Ideales para compartir y disfrutar con los tuyos. Elaborada artesanalmente.<\/p>\n<p><strong>PRECIO:<\/strong><\/p>\n<p>12,99\u20ac\/unidad<\/p>\n","protected":false},"featured_media":4712,"template":"","meta":{"inline_featured_image":false},"product_brand":[],"product_cat":[113],"product_tag":[],"class_list":{"0":"post-1456","1":"product","2":"type-product","3":"status-publish","4":"has-post-thumbnail","6":"product_cat-pizza","7":"sales-flash-overlay","8":"woocommerce-text-align-center","9":"woocommerce-image-align-center","10":"do-quantity-buttons","12":"first","13":"instock","14":"taxable","15":"shipping-taxable","16":"purchasable","17":"product-type-simple","18":"add-to-wishlist-after_add_to_cart"},"_links":{"self":[{"href":"https:\/\/xarcuteriaparis.com\/esp\/wp-json\/wp\/v2\/product\/1456","targetHints":{"allow":["GET"]}}],"collection":[{"href":"https:\/\/xarcuteriaparis.com\/esp\/wp-json\/wp\/v2\/product"}],"about":[{"href":"https:\/\/xarcuteriaparis.com\/esp\/wp-json\/wp\/v2\/types\/product"}],"wp:featuredmedia":[{"embeddable":true,"href":"https:\/\/xarcuteriaparis.com\/esp\/wp-json\/wp\/v2\/media\/4712"}],"wp:attachment":[{"href":"https:\/\/xarcuteriaparis.com\/esp\/wp-json\/wp\/v2\/media?parent=1456"}],"wp:term":[{"taxonomy":"product_brand","embeddable":true,"href":"https:\/\/xarcuteriaparis.com\/esp\/wp-json\/wp\/v2\/product_brand?post=1456"},{"taxonomy":"product_cat","embeddable":true,"href":"https:\/\/xarcuteriaparis.com\/esp\/wp-json\/wp\/v2\/product_cat?post=1456"},{"taxonomy":"product_tag","embeddable":true,"href":"https:\/\/xarcuteriaparis.com\/esp\/wp-json\/wp\/v2\/product_tag?post=1456"}],"curies":[{"name":"wp","href":"https:\/\/api.w.org\/{rel}","templated":true}]}}