{"id":1403,"date":"2020-10-12T00:00:00","date_gmt":"2020-10-11T22:00:00","guid":{"rendered":"https:\/\/xarcuteriaparis.com\/producto\/pollastre-farcit\/"},"modified":"2025-11-30T11:33:36","modified_gmt":"2025-11-30T10:33:36","slug":"pollo-relleno","status":"publish","type":"product","link":"https:\/\/xarcuteriaparis.com\/esp\/botiga-online\/pollo\/pollo-relleno\/","title":{"rendered":"Pollo Relleno"},"content":{"rendered":"<p><strong>INGREDIENTES:<\/strong> Pollo, longaniza PAR\u00cdS, panceta curada PAR\u00cdS, huevo duro, pimiento, champi\u00f1ones, ajo, perejil, sal y pimienta.<\/p>\n<p><strong>ALERGENOS:<\/strong> HUEVO.<\/p>\n","protected":false},"excerpt":{"rendered":"<p>Pollo relleno con longaniza y panceta curada PAR\u00cdS, huevo duro, pimiento rojo escalivado, champi\u00f1ones y una picada de ajo y perejil. Una unidad equivale a 8-9 raciones. Elaborado artesanalmente.<\/p>\n<p><strong>PRECIO:<\/strong><br \/>\n50,00\u20ac\/unidad<\/p>\n","protected":false},"featured_media":0,"template":"","meta":{"inline_featured_image":false},"product_brand":[],"product_cat":[106],"product_tag":[],"class_list":{"0":"post-1403","1":"product","2":"type-product","3":"status-publish","5":"product_cat-pollo","6":"sales-flash-overlay","7":"woocommerce-text-align-center","8":"woocommerce-image-align-center","9":"do-quantity-buttons","11":"first","12":"instock","13":"taxable","14":"shipping-taxable","15":"purchasable","16":"product-type-simple","17":"add-to-wishlist-after_add_to_cart"},"_links":{"self":[{"href":"https:\/\/xarcuteriaparis.com\/esp\/wp-json\/wp\/v2\/product\/1403","targetHints":{"allow":["GET"]}}],"collection":[{"href":"https:\/\/xarcuteriaparis.com\/esp\/wp-json\/wp\/v2\/product"}],"about":[{"href":"https:\/\/xarcuteriaparis.com\/esp\/wp-json\/wp\/v2\/types\/product"}],"wp:attachment":[{"href":"https:\/\/xarcuteriaparis.com\/esp\/wp-json\/wp\/v2\/media?parent=1403"}],"wp:term":[{"taxonomy":"product_brand","embeddable":true,"href":"https:\/\/xarcuteriaparis.com\/esp\/wp-json\/wp\/v2\/product_brand?post=1403"},{"taxonomy":"product_cat","embeddable":true,"href":"https:\/\/xarcuteriaparis.com\/esp\/wp-json\/wp\/v2\/product_cat?post=1403"},{"taxonomy":"product_tag","embeddable":true,"href":"https:\/\/xarcuteriaparis.com\/esp\/wp-json\/wp\/v2\/product_tag?post=1403"}],"curies":[{"name":"wp","href":"https:\/\/api.w.org\/{rel}","templated":true}]}}