{"id":1402,"date":"2020-10-12T00:00:00","date_gmt":"2020-10-11T22:00:00","guid":{"rendered":"https:\/\/xarcuteriaparis.com\/producto\/cuixes-farcides-pollastre\/"},"modified":"2026-01-10T12:21:21","modified_gmt":"2026-01-10T11:21:21","slug":"muslo-pollo-relleno","status":"publish","type":"product","link":"https:\/\/xarcuteriaparis.com\/esp\/botiga-online\/pollo\/muslo-pollo-relleno\/","title":{"rendered":"Muslo Pollo Relleno"},"content":{"rendered":"<p><strong>INGREDIENTES:<\/strong> Muslo de pollo, jam\u00f3n york PAR\u00cdS, panceta curada PAR\u00cdS, pimiento rojo, sal y pimienta.<\/p>\n<p><strong>ALERGENOS: &#8211;<\/strong><\/p>\n","protected":false},"excerpt":{"rendered":"<p><strong>5,20\u20ac\/ unidad de un peso de<\/strong> 240-260gr\/ aproximadamente<\/p>\n<p>Muslo de pollo relleno con jam\u00f3n york y panceta curada PAR\u00cdS y pimiento rojo escalivado. Ali\u00f1ada con sal y pimienta. Elaborado artesanalmente.<\/p>\n<p><strong>PRECIO:<\/strong><br \/>\n19,99\u20ac\/Kg<br \/>\n5,20\u20ac\/unidad<\/p>\n","protected":false},"featured_media":5270,"template":"","meta":{"inline_featured_image":false},"product_brand":[],"product_cat":[106],"product_tag":[],"class_list":{"0":"post-1402","1":"product","2":"type-product","3":"status-publish","4":"has-post-thumbnail","6":"product_cat-pollo","7":"sales-flash-overlay","8":"woocommerce-text-align-center","9":"woocommerce-image-align-center","10":"do-quantity-buttons","12":"first","13":"instock","14":"taxable","15":"shipping-taxable","16":"purchasable","17":"product-type-simple","18":"add-to-wishlist-after_add_to_cart"},"_links":{"self":[{"href":"https:\/\/xarcuteriaparis.com\/esp\/wp-json\/wp\/v2\/product\/1402","targetHints":{"allow":["GET"]}}],"collection":[{"href":"https:\/\/xarcuteriaparis.com\/esp\/wp-json\/wp\/v2\/product"}],"about":[{"href":"https:\/\/xarcuteriaparis.com\/esp\/wp-json\/wp\/v2\/types\/product"}],"wp:featuredmedia":[{"embeddable":true,"href":"https:\/\/xarcuteriaparis.com\/esp\/wp-json\/wp\/v2\/media\/5270"}],"wp:attachment":[{"href":"https:\/\/xarcuteriaparis.com\/esp\/wp-json\/wp\/v2\/media?parent=1402"}],"wp:term":[{"taxonomy":"product_brand","embeddable":true,"href":"https:\/\/xarcuteriaparis.com\/esp\/wp-json\/wp\/v2\/product_brand?post=1402"},{"taxonomy":"product_cat","embeddable":true,"href":"https:\/\/xarcuteriaparis.com\/esp\/wp-json\/wp\/v2\/product_cat?post=1402"},{"taxonomy":"product_tag","embeddable":true,"href":"https:\/\/xarcuteriaparis.com\/esp\/wp-json\/wp\/v2\/product_tag?post=1402"}],"curies":[{"name":"wp","href":"https:\/\/api.w.org\/{rel}","templated":true}]}}