{"id":1397,"date":"2020-10-12T00:00:00","date_gmt":"2020-10-11T22:00:00","guid":{"rendered":"https:\/\/xarcuteriaparis.com\/producto\/pernilets-marinats\/"},"modified":"2025-07-07T09:49:20","modified_gmt":"2025-07-07T07:49:20","slug":"jamoncitos-alinados","status":"publish","type":"product","link":"https:\/\/xarcuteriaparis.com\/esp\/botiga-online\/pollo\/jamoncitos-alinados\/","title":{"rendered":"Jamoncitos Ali\u00f1ados"},"content":{"rendered":"<p><strong>INGREDIENTES:<\/strong> Jamoncitos pollo, marinada mediterr\u00e1nea.<\/p>\n<p><strong>ALERGENOS: &#8211;<\/strong><\/p>\n<p><strong>PREPARACION:<\/strong> Cocinar en la paella o plancha con una gota de aceite de oliva. Tambi\u00e9n se puede cocinar en la barbacoa o horno.<\/p>\n","protected":false},"excerpt":{"rendered":"<p><strong>9,59\u20ac\/ bandeja 4 jamoncitos<\/strong><\/p>\n<p>Peso bandeja 620<span lang=\"CA\">-640gr\/<\/span>\u00a0aproximadamente<\/p>\n<p>Jamoncitos Ali\u00f1ados. Jamoncitos de pollo ali\u00f1ados con marinada mediterr\u00e1nea, un sabor a hierbas arom\u00e1ticas riqu\u00edsimo. Elaborado artesanalmente.<\/p>\n<p><strong>PRECIO:<\/strong><br \/>\n14,99\u20ac\/Kg<br \/>\n9,59\u20ac\/bandeja<\/p>\n","protected":false},"featured_media":5279,"template":"","meta":{"inline_featured_image":false},"product_brand":[],"product_cat":[106],"product_tag":[],"class_list":{"0":"post-1397","1":"product","2":"type-product","3":"status-publish","4":"has-post-thumbnail","6":"product_cat-pollo","7":"sales-flash-overlay","8":"woocommerce-text-align-center","9":"woocommerce-image-align-center","10":"do-quantity-buttons","12":"first","13":"instock","14":"taxable","15":"shipping-taxable","16":"purchasable","17":"product-type-simple","18":"add-to-wishlist-after_add_to_cart"},"_links":{"self":[{"href":"https:\/\/xarcuteriaparis.com\/esp\/wp-json\/wp\/v2\/product\/1397","targetHints":{"allow":["GET"]}}],"collection":[{"href":"https:\/\/xarcuteriaparis.com\/esp\/wp-json\/wp\/v2\/product"}],"about":[{"href":"https:\/\/xarcuteriaparis.com\/esp\/wp-json\/wp\/v2\/types\/product"}],"wp:featuredmedia":[{"embeddable":true,"href":"https:\/\/xarcuteriaparis.com\/esp\/wp-json\/wp\/v2\/media\/5279"}],"wp:attachment":[{"href":"https:\/\/xarcuteriaparis.com\/esp\/wp-json\/wp\/v2\/media?parent=1397"}],"wp:term":[{"taxonomy":"product_brand","embeddable":true,"href":"https:\/\/xarcuteriaparis.com\/esp\/wp-json\/wp\/v2\/product_brand?post=1397"},{"taxonomy":"product_cat","embeddable":true,"href":"https:\/\/xarcuteriaparis.com\/esp\/wp-json\/wp\/v2\/product_cat?post=1397"},{"taxonomy":"product_tag","embeddable":true,"href":"https:\/\/xarcuteriaparis.com\/esp\/wp-json\/wp\/v2\/product_tag?post=1397"}],"curies":[{"name":"wp","href":"https:\/\/api.w.org\/{rel}","templated":true}]}}