{"id":4571,"date":"2021-06-16T19:03:30","date_gmt":"2021-06-16T17:03:30","guid":{"rendered":"https:\/\/xarcuteriaparis.com\/?page_id=4571"},"modified":"2021-07-20T13:26:18","modified_gmt":"2021-07-20T11:26:18","slug":"politica-de-privacidad-y-proteccion-de-datos","status":"publish","type":"page","link":"https:\/\/xarcuteriaparis.com\/esp\/politica-de-privacidad-y-proteccion-de-datos\/","title":{"rendered":"Pol\u00edtica de Privacidad y Protecci\u00f3n de datos."},"content":{"rendered":"\n<h4 class=\"wp-block-heading\">&nbsp;POLITICA DE PRIVACIDAD Y PROTECCI\u00d3N DE DATOS<\/h4>\n\n\n\n<p>www.xarcuteriaparis.com<\/p>\n\n\n\n<h4 class=\"wp-block-heading\">RESPONSABLE ANA MARIA PAR\u00cdS MERCADAL &#8211; NIF\/DNI 43703289T<\/h4>\n\n\n\n<p>CONTACTO Cardenal Benlloc, 26 &#8211; Balaguer (L\u00e9rida)<\/p>\n\n\n\n<p>xarcuteriaparis@gmail.com &#8211; Tel. 973448105 &#8211; http:\/\/www.xarcuteriaparis.com<\/p>\n\n\n\n<p>FINALIDADES Gesti\u00f3n y contacto con usuarios; Gesti\u00f3n y respuestas a las consultas recibidas a trav\u00e9s del formulario de contacto de la web de la organizaci\u00f3n. Las consecuencias de no facilitarnos estos datos ser\u00e1 la imposibilidad de contactarle y proporcionarle una respuesta a su solicitud, prestarle el servicio o proveerle el producto solicitado. Usted tiene derecho a recibir respuesta a cualquier pregunta, consulta o aclaraci\u00f3n que le surja derivada de este formulario, llam\u00e1ndonos, envi\u00e1ndonos un e-mail o visitando nuestras instalaciones<\/p>\n\n\n\n<h4 class=\"wp-block-heading\">LEGITIMACION<\/h4>\n\n\n\n<p>Consentimiento expl\u00edcito del interesado ; Inter\u00e9s leg\u00edtimo del Responsable del Tratamiento o de terceros . Ley Org\u00e1nica de Protecci\u00f3n de Datos Personales y Garant\u00eda de los Derechos Digitales (LOPDGDD) 3\/2018, Reglamento (UE) 2016\/679 relativo a la protecci\u00f3n de datos personales<\/p>\n\n\n\n<h4 class=\"wp-block-heading\">CONSERVACI\u00d3N<\/h4>\n\n\n\n<p>Durante un plazo de 1 a\u00f1o a partir de la \u00faltima confirmaci\u00f3n de inter\u00e9s. Guardamos sus datos durante un plazo de 1 a\u00f1o desde la \u00faltima confirmaci\u00f3n de inter\u00e9s, mientras Ud. no solicite su supresi\u00f3n o el tiempo necesario si hay alguna obligaci\u00f3n legal o inter\u00e9s leg\u00edtimo al respecto.<\/p>\n\n\n\n<h4 class=\"wp-block-heading\">DESTINATARIOS<\/h4>\n\n\n\n<p>. No cedemos sus datos a nadie, pero podemos permitir su tratamiento por parte de terceros \u00fanicamente por motivos t\u00e9cnicos, legales y\/o de prestaci\u00f3n del servicio.<\/p>\n\n\n\n<h4 class=\"wp-block-heading\">TRANSFERENCIAS INTERNACIONALES<\/h4>\n\n\n\n<p>No realizamos transferencias internacionales de sus datos<\/p>\n\n\n\n<h4 class=\"wp-block-heading\">PROCEDENCIA<\/h4>\n\n\n\n<p>\u2022 Usuarios web: El propio interesado o su representante legal<\/p>\n\n\n\n<h4 class=\"wp-block-heading\">DERECHOS<\/h4>\n\n\n\n<p>Usted tiene derecho acceder a sus datos, rectificarlos, suprimirlos, limitar u oponerse a su tratamiento, a su portabilidad, a retirar su consentimiento y a presentar reclamaciones ante la Autoridad de Control (Agencia Espa\u00f1ola de Protecci\u00f3n de Datos). M\u00e1s informaci\u00f3n en nuestra \u00abPol\u00edtica de Privacidad y Protecci\u00f3n de Datos\u00bb.<\/p>\n\n\n\n<h4 class=\"wp-block-heading\">DETALLES DE NUESTRA POL\u00cdTICA DE PRIVACIDAD<\/h4>\n\n\n\n<h4 class=\"wp-block-heading\">1.- INFORMACI\u00d3N GENERAL<\/h4>\n\n\n\n<p>La presente \u00abPol\u00edtica de Privacidad y Protecci\u00f3n de Datos\u00bb tiene como finalidad dar a conocer las condiciones que rigen la recogida y tratamiento de sus datos personales por parte de nuestra entidad o grupo corporativo para velar por los derechos fundamentales, su honor y libertades, todo ello en cumplimiento de las normativas vigentes que regulan la Protecci\u00f3n de Datos personales seg\u00fan la Uni\u00f3n Europea y el Estado Miembro espa\u00f1ol.<\/p>\n\n\n\n<p>En conformidad con dichas normativas, necesitamos disponer de su autorizaci\u00f3n y consentimiento para la recogida y el tratamiento de sus datos personales, por lo que a continuaci\u00f3n, le indicamos todos los detalles de su inter\u00e9s respecto a c\u00f3mo realizamos estos procesos, con qu\u00e9 finalidades, que otras entidades podr\u00edan tener acceso a sus datos y cu\u00e1les son sus derechos.<\/p>\n\n\n\n<p>Por todo lo expuesto, una vez revisada y le\u00edda nuestra Pol\u00edtica de Protecci\u00f3n de Datos, es imprescindible que la acepte en prueba de su conformidad y consentimiento.<\/p>\n\n\n\n<h4 class=\"wp-block-heading\">2.- RESPONSABLE DEL TRATAMIENTO<\/h4>\n\n\n\n<p>\u00bfQui\u00e9n recaba y trata sus datos?<\/p>\n\n\n\n<p>El Responsable del Tratamiento de Datos es aquella persona f\u00edsica o jur\u00eddica, de naturaleza p\u00fablica o privada, u \u00f3rgano administrativo, que solo o conjuntamente con otros determine los fines y medios del tratamiento de datos personales; en caso de que los fines y medios del tratamiento est\u00e9n determinados por el Derecho de la Uni\u00f3n Europea o del Estado Miembro espa\u00f1ol.<\/p>\n\n\n\n<p>En este caso, nuestros datos identificativos como Responsable del Tratamiento son los siguientes:<\/p>\n\n\n\n<p>ANA MARIA PAR\u00cdS MERCADAL &#8211; NIF\/DNI 43703289T<\/p>\n\n\n\n<p>\u00bfC\u00f3mo puede contactar con nosotros?<\/p>\n\n\n\n<p>Domicilio de nuestras oficinas:<\/p>\n\n\n\n<p>Cardenal Benlloc, 26. 25600, Balaguer (L\u00e9rida), Espa\u00f1a<\/p>\n\n\n\n<p>Email: xarcuteriaparis@gmail.com &#8211; Tel\u00e9fono: 973448105<\/p>\n\n\n\n<p>Domicilio postal:<\/p>\n\n\n\n<p>Cardenal Benlloc, 26. 25600, Balaguer (L\u00e9rida), Espa\u00f1a<\/p>\n\n\n\n<h4 class=\"wp-block-heading\">3.- MEDIDAS DE SEGURIDAD<\/h4>\n\n\n\n<p>\u00bfQu\u00e9 hacemos para garantizar la privacidad de sus datos?<\/p>\n\n\n\n<p>Nuestra entidad o grupo corporativo adopta las medidas organizativas y t\u00e9cnicas necesarias para garantizar la seguridad y la privacidad de sus datos, evitar su alteraci\u00f3n, p\u00e9rdida, tratamiento o acceso no autorizado, dependiendo del estado de la tecnolog\u00eda, la naturaleza de los datos almacenado y los riesgos a que est\u00e1n expuestos.<\/p>\n\n\n\n<p>Entre otras, destacan las siguientes medidas:<\/p>\n\n\n\n<p>\u2022 Garantizar la confidencialidad, integridad, disponibilidad y resiliencia permanentes de los sistemas y servicios de tratamiento.<\/p>\n\n\n\n<p>\u2022 Restaurar la disponibilidad y el acceso a los datos personales de forma r\u00e1pida, en caso de incidente f\u00edsico o t\u00e9cnico.<\/p>\n\n\n\n<p>\u2022 Verificar, evaluar y valorar, de forma regular, la eficacia de las medidas t\u00e9cnicas y organizativas implementadas para garantizar la seguridad del tratamiento.<\/p>\n\n\n\n<p>\u2022 Seudonimizar y cifrar los datos personales, en caso de que se trate de datos sensibles.<\/p>\n\n\n\n<h4 class=\"wp-block-heading\">4.- FINALIDAD DEL TRATAMIENTO<\/h4>\n\n\n\n<p>\u00bfPara qu\u00e9 queremos tratar sus datos?<\/p>\n\n\n\n<p>Necesitamos su autorizaci\u00f3n y consentimiento para recabar y tratar sus datos personales, por lo que a continuaci\u00f3n le detallamos los usos y finalidades previstas.<\/p>\n\n\n\n<p>Gesti\u00f3n y contacto con usuarios; Gesti\u00f3n y respuestas a las consultas recibidas a trav\u00e9s del formulario de contacto de la web de la organizaci\u00f3n. Las consecuencias de no facilitarnos estos datos ser\u00e1 la imposibilidad de contactarle y proporcionarle una respuesta a su solicitud, prestarle el servicio o proveerle el producto solicitado. Usted tiene derecho a recibir respuesta a cualquier pregunta, consulta o aclaraci\u00f3n que le surja derivada de este formulario, llam\u00e1ndonos, envi\u00e1ndonos un e-mail o visitando nuestras instalaciones<\/p>\n\n\n\n<p>\u00bfDurante cu\u00e1nto tiempo conservamos sus datos?<\/p>\n\n\n\n<p>Utilizamos sus datos durante el tiempo estrictamente necesario para cumplir las finalidades indicadas anteriormente. Salvo que exista una obligaci\u00f3n o requerimiento legal, los plazos de conservaci\u00f3n previstos son:<\/p>\n\n\n\n<p>Durante un plazo de 1 a\u00f1o a partir de la \u00faltima confirmaci\u00f3n de inter\u00e9s. Guardamos sus datos durante un plazo de 1 a\u00f1o desde la \u00faltima confirmaci\u00f3n de inter\u00e9s, mientras Ud. no solicite su supresi\u00f3n o el tiempo necesario si hay alguna obligaci\u00f3n legal o inter\u00e9s leg\u00edtimo al respecto.<\/p>\n\n\n\n<h4 class=\"wp-block-heading\">5.- LEGITIMACI\u00d3N DEL TRATAMIENTO<\/h4>\n\n\n\n<p>\u00bfPor qu\u00e9 tratamos sus datos?<\/p>\n\n\n\n<p>La recogida y el tratamiento de sus datos est\u00e1 legitimado siempre por una o varias bases jur\u00eddicas, las cuales detallamos a continuaci\u00f3n:<\/p>\n\n\n\n<p>Consentimiento expl\u00edcito del interesado ; Inter\u00e9s leg\u00edtimo del Responsable del Tratamiento o de terceros . Ley Org\u00e1nica de Protecci\u00f3n de Datos Personales y Garant\u00eda de los Derechos Digitales (LOPDGDD) 3\/2018, Reglamento (UE) 2016\/679 relativo a la protecci\u00f3n de datos personales<\/p>\n\n\n\n<h4 class=\"wp-block-heading\">6.- DESTINATARIOS DE SUS DATOS<\/h4>\n\n\n\n<p>\u00bfA qui\u00e9nes cedemos sus datos dentro de la Uni\u00f3n Europea?<\/p>\n\n\n\n<p>En ocasiones, para poder cumplir con nuestras obligaciones legales y nuestro compromiso contractual con usted, nos vemos ante la obligaci\u00f3n y necesidad de ceder algunos de sus datos a ciertas categor\u00edas de destinatarios, las cuales especificamos a continuaci\u00f3n:<\/p>\n\n\n\n<p>. No cedemos sus datos a nadie, pero podemos permitir su tratamiento por parte de terceros \u00fanicamente por motivos t\u00e9cnicos, legales y\/o de prestaci\u00f3n del servicio.<\/p>\n\n\n\n<p>Adem\u00e1s de las categor\u00edas de destinatarios a los que se ceden datos, tambi\u00e9n pudi\u00e9ramos cederlos a las siguientes organizaciones (\u00fanicamente aparecer\u00e1n si se cediesen datos a otras organizaciones):<\/p>\n\n\n\n<p>\u00bfRealizamos Transferencias Internacionales de sus datos fuera de la Uni\u00f3n Europea?<\/p>\n\n\n\n<p>No realizamos transferencias internacionales de sus datos<\/p>\n\n\n\n<h4 class=\"wp-block-heading\">7.- PROCEDENCIA Y TIPOS DE DATOS TRATADOS<\/h4>\n\n\n\n<p>\u00bfDe d\u00f3nde hemos obtenido sus datos?<\/p>\n\n\n\n<p>\u2022 Usuarios web: El propio interesado o su representante legal<\/p>\n\n\n\n<p>\u00bfQu\u00e9 tipos de datos suyos hemos recabado y tratamos?<\/p>\n\n\n\n<p>Usuarios web<\/p>\n\n\n\n<p>\u2022 Datos identificativos (Direcci\u00f3n electr\u00f3nica; Nombre y Apellidos; Tel\u00e9fono)<\/p>\n\n\n\n<h4 class=\"wp-block-heading\">8.- DERECHOS DE LOS INTERESADOS<\/h4>\n\n\n\n<p>\u00bfCu\u00e1les son los derechos que le amparan?<\/p>\n\n\n\n<p>La normativa vigente de protecci\u00f3n de datos le ampara en una serie de derechos en relaci\u00f3n al uso que le damos a sus datos. Todos y cada uno de sus derechos son unipersonales e intransferibles, es decir, que \u00fanicamente pueden ser realizados por el titular de los datos, previa comprobaci\u00f3n de su identidad.<\/p>\n\n\n\n<p>A continuaci\u00f3n, le indicamos cuales son los derechos que le asisten:<\/p>\n\n\n\n<p>\u2022 Solicitar el ACCESO a sus datos personales<\/p>\n\n\n\n<p>\u2022 Solicitar la RECTIFICACION de sus datos<\/p>\n\n\n\n<p>\u2022 Solicitar la SUPRESI\u00d3N o eliminaci\u00f3n de sus datos (derecho al \u00abolvido\u00bb)<\/p>\n\n\n\n<p>\u2022 LIMITAR u OPONERSE al uso que le damos a sus datos<\/p>\n\n\n\n<p>\u2022 Derecho a la PORTABILIDAD de sus datos para casos de servicios de telecomunicaciones o internet.<\/p>\n\n\n\n<p>\u2022 Derecho a RETIRAR su consentimiento en cualquier momento<\/p>\n\n\n\n<p>\u2022 Derecho a presentar una RECLAMACI\u00d3N en materia de protecci\u00f3n de datos ante la Autoridad de Control: Agencia Espa\u00f1ola de Protecci\u00f3n de Datos<\/p>\n\n\n\n<p>\u00bfC\u00f3mo puede ejercer sus derechos en relaci\u00f3n a sus datos?<\/p>\n\n\n\n<p>Para el ejercicio de sus derechos de acceso, rectificaci\u00f3n, supresi\u00f3n, limitaci\u00f3n u oposici\u00f3n, portabilidad y retirada de su consentimiento, puede hacerlo de la siguiente forma:<\/p>\n\n\n\n<p>\u2022 Responsable: ANA MARIA PAR\u00cdS MERCADAL<\/p>\n\n\n\n<p>\u2022 Direcci\u00f3n: Cardenal Benlloc, 26. 25600, Balaguer (L\u00e9rida), Espa\u00f1a<\/p>\n\n\n\n<p>\u2022 Tel\u00e9fono: 973448105<\/p>\n\n\n\n<p>\u2022 E-mail: xarcuteriaparis@gmail.com<\/p>\n\n\n\n<p>\u00bfC\u00f3mo puede presentar una reclamaci\u00f3n?<\/p>\n\n\n\n<p>Adem\u00e1s de los derechos que le asisten, si cree que sus datos no se est\u00e1n recabando o tratando conforme a la normativa vigente de Protecci\u00f3n de Datos, usted podr\u00e1 realizar una reclamaci\u00f3n ante la Autoridad de Control, cuyos datos de contacto indicamos a continuaci\u00f3n:<\/p>\n\n\n\n<p>Agencia Espa\u00f1ola de Protecci\u00f3n de Datos<\/p>\n\n\n\n<p>C\/. Jorge Juan, 6. 28001, Madrid (Madrid), Espa\u00f1a<\/p>\n\n\n\n<p>Email: info@aepd.es &#8211; Tel\u00e9fono: 912663517<\/p>\n\n\n\n<p>Web: https:\/\/www.aepd.es<\/p>\n\n\n\n<h4 class=\"wp-block-heading\">9.- CONSENTIMIENTO Y ACEPTACI\u00d3N<\/h4>\n\n\n\n<p>La aceptaci\u00f3n del presente documento indica que usted entiende, acepta todas las cl\u00e1usulas de nuestra pol\u00edtica de privacidad por lo que autoriza la recogida y el tratamiento de sus datos personales en estos t\u00e9rminos. Esta aceptaci\u00f3n se realiza mediante la activaci\u00f3n de la casilla de verificaci\u00f3n de \u00abLectura y Aceptaci\u00f3n\u00bb de nuestra Pol\u00edtica de Privacidad.<\/p>\n","protected":false},"excerpt":{"rendered":"<p>&nbsp;POLITICA DE PRIVACIDAD Y PROTECCI\u00d3N DE DATOS www.xarcuteriaparis.com RESPONSABLE ANA MARIA PAR\u00cdS MERCADAL &#8211; NIF\/DNI 43703289T CONTACTO Cardenal Benlloc, 26 &#8211; Balaguer &#8230; <a title=\"Pol\u00edtica de Privacidad y Protecci\u00f3n de datos.\" class=\"read-more\" href=\"https:\/\/xarcuteriaparis.com\/esp\/politica-de-privacidad-y-proteccion-de-datos\/\" aria-label=\"Leer m\u00e1s sobre Pol\u00edtica de Privacidad y Protecci\u00f3n de datos.\">Leer m\u00e1s<\/a><\/p>\n","protected":false},"author":3,"featured_media":0,"parent":0,"menu_order":0,"comment_status":"closed","ping_status":"closed","template":"","meta":{"inline_featured_image":false,"footnotes":""},"class_list":["post-4571","page","type-page","status-publish"],"_links":{"self":[{"href":"https:\/\/xarcuteriaparis.com\/esp\/wp-json\/wp\/v2\/pages\/4571","targetHints":{"allow":["GET"]}}],"collection":[{"href":"https:\/\/xarcuteriaparis.com\/esp\/wp-json\/wp\/v2\/pages"}],"about":[{"href":"https:\/\/xarcuteriaparis.com\/esp\/wp-json\/wp\/v2\/types\/page"}],"author":[{"embeddable":true,"href":"https:\/\/xarcuteriaparis.com\/esp\/wp-json\/wp\/v2\/users\/3"}],"replies":[{"embeddable":true,"href":"https:\/\/xarcuteriaparis.com\/esp\/wp-json\/wp\/v2\/comments?post=4571"}],"version-history":[{"count":0,"href":"https:\/\/xarcuteriaparis.com\/esp\/wp-json\/wp\/v2\/pages\/4571\/revisions"}],"wp:attachment":[{"href":"https:\/\/xarcuteriaparis.com\/esp\/wp-json\/wp\/v2\/media?parent=4571"}],"curies":[{"name":"wp","href":"https:\/\/api.w.org\/{rel}","templated":true}]}}