{"id":3589,"date":"2021-01-30T19:30:13","date_gmt":"2021-01-30T19:30:13","guid":{"rendered":"https:\/\/gpsites.co\/shop\/?page_id=3589"},"modified":"2022-02-16T06:34:52","modified_gmt":"2022-02-16T05:34:52","slug":"contact","status":"publish","type":"page","link":"https:\/\/xarcuteriaparis.com\/esp\/contact\/","title":{"rendered":"Contacta con nosotros."},"content":{"rendered":"<div class=\"gb-container gb-container-ab70145a\"><div class=\"gb-inside-container\">\n\n<p><\/p>\n\n\n<div class=\"gb-grid-wrapper gb-grid-wrapper-ce3599a5\">\n<div class=\"gb-grid-column gb-grid-column-9e89a7dc\"><div class=\"gb-container gb-container-9e89a7dc\"><div class=\"gb-inside-container\">\n\n<h2 class=\"gb-headline gb-headline-d2b3a680 gb-headline-text\">Estamos aqu\u00ed para ayudarte<\/h2>\n\n\n\n<p class=\"has-text-align-center\">Una vez hemos recibido el mensaje recibir\u00e1s respuesta en un m\u00e1ximo de&nbsp;24h&nbsp;laborales. Recuerda leer nuestra pol\u00edtica de privacidad antes de enviar tu mensaje.<\/p>\n\n<\/div><\/div><\/div>\n\n<div class=\"gb-grid-column gb-grid-column-16220b14\"><div class=\"gb-container gb-container-16220b14\"><div class=\"gb-inside-container\">\n\n<p class=\"gb-headline gb-headline-0fb9d4f1\"><span class=\"gb-icon\"><svg xmlns=\"http:\/\/www.w3.org\/2000\/svg\" viewBox=\"0 0 20 24\"><path d=\"M10 24c-.2 0-.4-.1-.6-.2C9.1 23.6 0 17.4 0 10 0 4.5 4.5 0 10 0s10 4.5 10 10c0 7.4-9.1 13.6-9.4 13.8-.2.1-.4.2-.6.2zm0-22c-4.4 0-8 3.6-8 8 0 5.4 6.1 10.4 8 11.8 1.9-1.4 8-6.4 8-11.8 0-4.4-3.6-8-8-8z\"><\/path><path d=\"M10 14c-2.2 0-4-1.8-4-4s1.8-4 4-4 4 1.8 4 4-1.8 4-4 4zm0-6c-1.1 0-2 .9-2 2s.9 2 2 2 2-.9 2-2-.9-2-2-2z\"><\/path><\/svg><\/span><span class=\"gb-headline-text\">Charcuter\u00eda Par\u00eds<br>Carrer del Cardenal Benlloc<br>25600 Balaguer Lleida<\/span><\/p>\n\n\n\n<p class=\"gb-headline gb-headline-1a69ec77\"><span class=\"gb-icon\"><svg xmlns=\"http:\/\/www.w3.org\/2000\/svg\" viewBox=\"0 0 16 22\"><path d=\"M13 22H3c-1.7 0-3-1.3-3-3V3c0-1.7 1.3-3 3-3h10c1.7 0 3 1.3 3 3v16c0 1.7-1.3 3-3 3zM3 2c-.6 0-1 .4-1 1v16c0 .6.4 1 1 1h10c.6 0 1-.4 1-1V3c0-.6-.4-1-1-1H3z\"><\/path><path d=\"M8 18c-.6 0-1-.4-1-1s.4-1 1-1 1 .4 1 1-.4 1-1 1z\"><\/path><\/svg><\/span><span class=\"gb-headline-text\"><a href=\"tel:973448105\">973 44 81 05<\/a><\/span><\/p>\n\n<\/div><\/div><\/div>\n<\/div>\n\n\n<div style=\"height:50px\" aria-hidden=\"true\" class=\"wp-block-spacer\"><\/div>\n\n\n<div class=\"wpforms-container \" id=\"wpforms-4614\"><form id=\"wpforms-form-4614\" class=\"wpforms-validate wpforms-form\" data-formid=\"4614\" method=\"post\" enctype=\"multipart\/form-data\" action=\"\/esp\/wp-json\/wp\/v2\/pages\/3589\" data-token=\"1042eeebb076ff68da5d34bdc433335e\" data-token-time=\"1776420496\"><noscript class=\"wpforms-error-noscript\">Por favor, activa JavaScript en tu navegador para completar este formulario.<\/noscript><div class=\"wpforms-field-container\"><div id=\"wpforms-4614-field_0-container\" class=\"wpforms-field wpforms-field-name\" data-field-id=\"0\"><label class=\"wpforms-field-label wpforms-label-hide\" for=\"wpforms-4614-field_0\">Nombre y apellidos <span class=\"wpforms-required-label\">*<\/span><\/label><input type=\"text\" id=\"wpforms-4614-field_0\" class=\"wpforms-field-large wpforms-field-required\" name=\"wpforms[fields][0]\" placeholder=\"Nombre y apellidos\" required><\/div><div id=\"wpforms-4614-field_1-container\" class=\"wpforms-field wpforms-field-email\" data-field-id=\"1\"><label class=\"wpforms-field-label wpforms-label-hide\">Correo electr\u00f3nico <span class=\"wpforms-required-label\">*<\/span><\/label><div class=\"wpforms-field-row wpforms-field-large\"><div class=\"wpforms-field-row-block wpforms-one-half wpforms-first\"><input type=\"email\" id=\"wpforms-4614-field_1\" class=\"wpforms-field-required wpforms-field-email-primary\" data-rule-restricted-email=\"1\" name=\"wpforms[fields][1][primary]\" placeholder=\"Correo electr\u00f3nico\" spellcheck=\"false\" required><label for=\"wpforms-4614-field_1\" class=\"wpforms-field-sublabel after\">Correo electr\u00f3nico<\/label><\/div><div class=\"wpforms-field-row-block wpforms-one-half\"><input type=\"email\" id=\"wpforms-4614-field_1-secondary\" class=\"wpforms-field-email-secondary wpforms-field-required\" data-rule-confirm=\"#wpforms-4614-field_1\" name=\"wpforms[fields][1][secondary]\" placeholder=\"Correo electr\u00f3nico\" spellcheck=\"false\" required><label for=\"wpforms-4614-field_1-secondary\" class=\"wpforms-field-sublabel after\">Confirmar el correo electr\u00f3nico<\/label><\/div><\/div><\/div><div id=\"wpforms-4614-field_5-container\" class=\"wpforms-field wpforms-field-radio\" data-field-id=\"5\"><label class=\"wpforms-field-label\">En que estas interesado\/a <span class=\"wpforms-required-label\">*<\/span><\/label><ul id=\"wpforms-4614-field_5\" class=\"wpforms-field-required\"><li class=\"choice-1 depth-1\"><input type=\"radio\" id=\"wpforms-4614-field_5_1\" name=\"wpforms[fields][5]\" value=\"Elaborados\" required ><label class=\"wpforms-field-label-inline\" for=\"wpforms-4614-field_5_1\">Elaborados<\/label><\/li><li class=\"choice-2 depth-1\"><input type=\"radio\" id=\"wpforms-4614-field_5_2\" name=\"wpforms[fields][5]\" value=\"Pollo\" required ><label class=\"wpforms-field-label-inline\" for=\"wpforms-4614-field_5_2\">Pollo<\/label><\/li><li class=\"choice-3 depth-1\"><input type=\"radio\" id=\"wpforms-4614-field_5_3\" name=\"wpforms[fields][5]\" value=\"Cordero\" required ><label class=\"wpforms-field-label-inline\" for=\"wpforms-4614-field_5_3\">Cordero<\/label><\/li><li class=\"choice-4 depth-1\"><input type=\"radio\" id=\"wpforms-4614-field_5_4\" name=\"wpforms[fields][5]\" value=\"Cerdo\" required ><label class=\"wpforms-field-label-inline\" for=\"wpforms-4614-field_5_4\">Cerdo<\/label><\/li><li class=\"choice-5 depth-1\"><input type=\"radio\" id=\"wpforms-4614-field_5_5\" name=\"wpforms[fields][5]\" value=\"Otros productos\" required ><label class=\"wpforms-field-label-inline\" for=\"wpforms-4614-field_5_5\">Otros productos<\/label><\/li><\/ul><\/div><div id=\"wpforms-4614-field_2-container\" class=\"wpforms-field wpforms-field-textarea\" data-field-id=\"2\"><label class=\"wpforms-field-label wpforms-label-hide\" for=\"wpforms-4614-field_2\">Mensaje <span class=\"wpforms-required-label\">*<\/span><\/label><textarea id=\"wpforms-4614-field_2\" class=\"wpforms-field-large wpforms-field-required wpforms-limit-characters-enabled\" data-form-id=\"4614\" data-field-id=\"2\" data-text-limit=\"280\" name=\"wpforms[fields][2]\" placeholder=\"Mensaje\" maxlength=\"280\" required><\/textarea><\/div><div id=\"wpforms-4614-field_3-container\" class=\"wpforms-field wpforms-field-gdpr-checkbox\" data-field-id=\"3\"><label class=\"wpforms-field-label\">Acuerdo RGPD  <span class=\"wpforms-required-label\">*<\/span><\/label><ul id=\"wpforms-4614-field_3\" class=\"wpforms-field-required\"><li class=\"choice-1\"><input type=\"checkbox\" id=\"wpforms-4614-field_3_1\" name=\"wpforms[fields][3][]\" value=\"Al activar la casilla de &quot;Lectura y Aceptaci\u00f3n&quot; de nuestra &lt;a href=&quot;https:\/\/xarcuteriaparis.com\/es\/politica-de-privacidad-y-proteccion-de-datos\/&quot; style=&quot;color:blue;&quot;&gt;Pol\u00edtica de Privacidad&lt;\/a&gt;, usted est\u00e1 indicando que ha le\u00eddo, entiende, acepta y autoriza todas las cl\u00e1usulas especificadas para la recogida, almacenamiento y el tratamiento de sus datos personales.\" required ><label class=\"wpforms-field-label-inline\" for=\"wpforms-4614-field_3_1\">Al activar la casilla de \"Lectura y Aceptaci\u00f3n\" de nuestra <a href=\"https:\/\/xarcuteriaparis.com\/es\/politica-de-privacidad-y-proteccion-de-datos\/\" style=\"color:blue\">Pol\u00edtica de Privacidad<\/a>, usted est\u00e1 indicando que ha le\u00eddo, entiende, acepta y autoriza todas las cl\u00e1usulas especificadas para la recogida, almacenamiento y el tratamiento de sus datos personales.<\/label><\/li><\/ul><\/div><\/div><!-- .wpforms-field-container --><div class=\"wpforms-recaptcha-container wpforms-is-recaptcha wpforms-is-recaptcha-type-invisible\" ><div class=\"g-recaptcha\" data-sitekey=\"6LcPpi4bAAAAANUFHuRKKXFFf2E3b65um9OW2kEr\" data-size=\"invisible\"><\/div><\/div><div class=\"wpforms-submit-container\" ><input type=\"hidden\" name=\"wpforms[id]\" value=\"4614\"><input type=\"hidden\" name=\"page_title\" value=\"\"><input type=\"hidden\" name=\"page_url\" value=\"https:\/\/xarcuteriaparis.com\/esp\/wp-json\/wp\/v2\/pages\/3589\"><input type=\"hidden\" name=\"url_referer\" value=\"\"><button type=\"submit\" name=\"wpforms[submit]\" id=\"wpforms-submit-4614\" class=\"wpforms-submit\" data-alt-text=\"Enviando...\" data-submit-text=\"Enviar\" aria-live=\"assertive\" value=\"wpforms-submit\">Enviar<\/button><\/div><\/form><\/div>  <!-- .wpforms-container -->\n\n\n\n<div style=\"height:50px\" aria-hidden=\"true\" class=\"wp-block-spacer\"><\/div>\n\n\n<div class=\"gb-grid-wrapper gb-grid-wrapper-7777347b\">\n<div class=\"gb-grid-column gb-grid-column-c7281025\"><div class=\"gb-container gb-container-c7281025\"><div class=\"gb-inside-container\">\n\n<iframe src=\"https:\/\/www.google.com\/maps\/embed?pb=!1m18!1m12!1m3!1d2974.7094833366086!2d0.8086278154383899!3d41.79147427922916!2m3!1f0!2f0!3f0!3m2!1i1024!2i768!4f13.1!3m3!1m2!1s0x12a6f198be45538b%3A0xb991dc3c4a569bd7!2sXarcuteria-Carnisseria%20Paris!5e0!3m2!1sca!2ses!4v1623667694452!5m2!1sca!2ses\" width=\"600\" height=\"450\" style=\"border:0;\" allowfullscreen=\"\" loading=\"lazy\"><\/iframe>\n\n<\/div><\/div><\/div>\n\n<div class=\"gb-grid-column gb-grid-column-8089d75e\"><div class=\"gb-container gb-container-8089d75e\"><div class=\"gb-inside-container\">\n\n<iframe src=\"https:\/\/www.google.com\/maps\/embed?pb=!4v1644988382064!6m8!1m7!1sCAoSLEFGMVFpcE5FMnM5aElmNDM4TVdoQmdENmlLdEsyRVBRWnB5SktDYzdZQ1I5!2m2!1d41.791512262841!2d0.81081744177242!3f353.44956393390265!4f4.271806971854943!5f0.4000000000000002\" width=\"600\" height=\"450\" style=\"border:0;\" allowfullscreen=\"\" loading=\"lazy\"><\/iframe>\n\n<\/div><\/div><\/div>\n<\/div>\n<\/div><\/div>\n\n\n<p><\/p>\n","protected":false},"excerpt":{"rendered":"","protected":false},"author":3,"featured_media":0,"parent":0,"menu_order":0,"comment_status":"closed","ping_status":"closed","template":"","meta":{"inline_featured_image":false,"footnotes":""},"class_list":["post-3589","page","type-page","status-publish"],"_links":{"self":[{"href":"https:\/\/xarcuteriaparis.com\/esp\/wp-json\/wp\/v2\/pages\/3589","targetHints":{"allow":["GET"]}}],"collection":[{"href":"https:\/\/xarcuteriaparis.com\/esp\/wp-json\/wp\/v2\/pages"}],"about":[{"href":"https:\/\/xarcuteriaparis.com\/esp\/wp-json\/wp\/v2\/types\/page"}],"author":[{"embeddable":true,"href":"https:\/\/xarcuteriaparis.com\/esp\/wp-json\/wp\/v2\/users\/3"}],"replies":[{"embeddable":true,"href":"https:\/\/xarcuteriaparis.com\/esp\/wp-json\/wp\/v2\/comments?post=3589"}],"version-history":[{"count":0,"href":"https:\/\/xarcuteriaparis.com\/esp\/wp-json\/wp\/v2\/pages\/3589\/revisions"}],"wp:attachment":[{"href":"https:\/\/xarcuteriaparis.com\/esp\/wp-json\/wp\/v2\/media?parent=3589"}],"curies":[{"name":"wp","href":"https:\/\/api.w.org\/{rel}","templated":true}]}}