{"id":3587,"date":"2021-01-30T19:30:03","date_gmt":"2021-01-30T18:30:03","guid":{"rendered":"https:\/\/gpsites.co\/shop\/?page_id=3587"},"modified":"2022-02-16T06:38:44","modified_gmt":"2022-02-16T05:38:44","slug":"about","status":"publish","type":"page","link":"https:\/\/xarcuteriaparis.com\/esp\/about\/","title":{"rendered":"Nosotros"},"content":{"rendered":"<div class=\"gb-container gb-container-5deb5034\"><div class=\"gb-inside-container\">\n<div class=\"gb-grid-wrapper gb-grid-wrapper-e1dc665b\">\n<div class=\"gb-grid-column gb-grid-column-15509c86\"><div class=\"gb-container gb-container-15509c86\"><div class=\"gb-inside-container\">\n\n<h2 class=\"gb-headline gb-headline-39e25962 gb-headline-text\">Nuestra misi\u00f3n<\/h2>\n\n\n\n<p class=\"has-text-align-center\">Somos un negocio familiar que abri\u00f3 las puertas en 1983, en el Mercado comercial de Balaguer, donde estuvimos durante veinticinco a\u00f1os. El a\u00f1o 2008, trasladamos la tienda al C\/ Cardenal Benlloc, 26 de Balaguer, donde  actualmente nos puedes encontrar. Los diferentes productos que tenemos en la Charcuter\u00eda Par\u00eds est\u00e1n elaborados de una manera bastante creativa e innovadora, con productos exclusivos y de alta calidad.<\/p>\n\n<\/div><\/div><\/div>\n\n<div class=\"gb-grid-column gb-grid-column-e9732a3e\"><div class=\"gb-container gb-container-e9732a3e\"><div class=\"gb-inside-container\">\n\n<figure class=\"wp-block-image size-large photo-shadow img\"><img decoding=\"async\" width=\"1024\" height=\"683\" src=\"https:\/\/xarcuteriaparis.com\/es\/wp-content\/uploads\/sites\/3\/2022\/02\/K-65-076-HDR-1024x683.jpg\" alt=\"\" class=\"wp-image-5559\" srcset=\"https:\/\/xarcuteriaparis.com\/esp\/wp-content\/uploads\/sites\/3\/2022\/02\/K-65-076-HDR-1024x683.jpg 1024w, https:\/\/xarcuteriaparis.com\/esp\/wp-content\/uploads\/sites\/3\/2022\/02\/K-65-076-HDR-300x200.jpg 300w, https:\/\/xarcuteriaparis.com\/esp\/wp-content\/uploads\/sites\/3\/2022\/02\/K-65-076-HDR-768x512.jpg 768w, https:\/\/xarcuteriaparis.com\/esp\/wp-content\/uploads\/sites\/3\/2022\/02\/K-65-076-HDR-600x400.jpg 600w, https:\/\/xarcuteriaparis.com\/esp\/wp-content\/uploads\/sites\/3\/2022\/02\/K-65-076-HDR-64x43.jpg 64w, https:\/\/xarcuteriaparis.com\/esp\/wp-content\/uploads\/sites\/3\/2022\/02\/K-65-076-HDR.jpg 1200w\" sizes=\"(max-width: 1024px) 100vw, 1024px\" \/><\/figure>\n\n<\/div><\/div><\/div>\n<\/div>\n<\/div><\/div>\n\n<div class=\"gb-container gb-container-d34d9402\"><div class=\"gb-inside-container\">\n<div class=\"gb-grid-wrapper gb-grid-wrapper-e28cb10a\">\n<div class=\"gb-grid-column gb-grid-column-cee09b95\"><div class=\"gb-container gb-container-cee09b95\"><div class=\"gb-inside-container\">\n\n<figure class=\"wp-block-image size-large photo-shadow img\"><img decoding=\"async\" width=\"1024\" height=\"683\" src=\"https:\/\/xarcuteriaparis.com\/es\/wp-content\/uploads\/sites\/3\/2022\/02\/K-65-103-HDR-1024x683.jpg\" alt=\"\" class=\"wp-image-5560\" srcset=\"https:\/\/xarcuteriaparis.com\/esp\/wp-content\/uploads\/sites\/3\/2022\/02\/K-65-103-HDR-1024x683.jpg 1024w, https:\/\/xarcuteriaparis.com\/esp\/wp-content\/uploads\/sites\/3\/2022\/02\/K-65-103-HDR-300x200.jpg 300w, https:\/\/xarcuteriaparis.com\/esp\/wp-content\/uploads\/sites\/3\/2022\/02\/K-65-103-HDR-768x512.jpg 768w, https:\/\/xarcuteriaparis.com\/esp\/wp-content\/uploads\/sites\/3\/2022\/02\/K-65-103-HDR-600x400.jpg 600w, https:\/\/xarcuteriaparis.com\/esp\/wp-content\/uploads\/sites\/3\/2022\/02\/K-65-103-HDR-64x43.jpg 64w, https:\/\/xarcuteriaparis.com\/esp\/wp-content\/uploads\/sites\/3\/2022\/02\/K-65-103-HDR.jpg 1200w\" sizes=\"(max-width: 1024px) 100vw, 1024px\" \/><\/figure>\n\n<\/div><\/div><\/div>\n\n<div class=\"gb-grid-column gb-grid-column-48af07dd\"><div class=\"gb-container gb-container-48af07dd\"><div class=\"gb-inside-container\">\n\n<p class=\"gb-headline gb-headline-f79a36fc gb-headline-text\">Nuestra misi\u00f3n es dar a conocer un nuevo tipo de producto, el cual sea \u00fanico y guste a nuestros clientes, adem\u00e1s de vender los productos tradicionales de una carnicer\u00eda. Productos de proximidad y de alta calidad ligados a un buen servicio. Nuestra clave de \u00e9xito.<\/p>\n\n\n\n<p class=\"gb-headline gb-headline-cdfadbac\"><span class=\"gb-icon\"><svg viewBox=\"0 0 100 100.203\" xmlns=\"http:\/\/www.w3.org\/2000\/svg\"><path d=\"M96.157 74.348a13.045 13.045 0 00-9.292-3.859h-25.37a9.029 9.029 0 00-2.652-6.262 9.033 9.033 0 00-6.428-2.666l-31.172-.014c-7.923.014-12.369 5.728-15.927 11.102 0 0-4.517 6.848-4.732 7.198-.302.491-1.221 1.987.139 3.07.328.261.756.42 1.206.42.498 0 1.022-.195 1.464-.66.22-.232 5.131-7.905 5.131-7.905 3.272-4.943 6.706-9.379 12.711-9.379h.006l31.172.014a5.214 5.214 0 013.709 1.538 5.216 5.216 0 011.535 3.71 5.214 5.214 0 01-1.538 3.709 5.213 5.213 0 01-3.708 1.535h-.003l-20.224-.007a1.923 1.923 0 100 3.846l20.224.007h.005a9.034 9.034 0 006.426-2.66 9.09 9.09 0 001.884-2.75h26.144a9.223 9.223 0 016.57 2.73 9.24 9.24 0 012.579 4.951L31.11 91.963c-.791.079-6.895.829-9.758 5.275a1.923 1.923 0 003.235 2.083c1.967-3.054 6.878-3.527 6.922-3.531.044-.003.087-.009.13-.016l66.73-10.228a1.924 1.924 0 001.632-1.9 13.075 13.075 0 00-3.844-9.298zM95.874 0H82.987C68.919 0 57.474 11.445 57.474 25.513v11.995c-1.446 1.312-4.524 4.609-6.39 10.23-1.117-2.127-2.383-3.536-3.18-4.296V35.38c0-10.078-8.199-18.277-18.277-18.277h-8.933a1.923 1.923 0 00-1.923 1.923v8.934c0 10.078 8.199 18.277 18.276 18.277h8.224c1.16 1.097 4.281 4.678 4.279 11.44a1.923 1.923 0 103.846.001s-.556-10.73 6.692-17.354h12.195c14.068 0 25.513-11.445 25.513-25.513V1.923A1.922 1.922 0 0095.874 0zM22.618 27.96v-7.01h7.01c7.957 0 14.43 6.473 14.43 14.43v4.291l-8.309-8.309a1.924 1.924 0 00-2.72 2.719l8.309 8.309h-4.291c-7.956 0-14.429-6.473-14.429-14.43zm71.333-13.15c0 11.947-9.72 21.666-21.667 21.666H64.04l13.438-13.439a1.922 1.922 0 10-2.72-2.719L61.321 33.757v-8.244c0-11.947 9.72-21.666 21.667-21.666h10.964V14.81z\"><\/path><\/svg><\/span><span class=\"gb-headline-text\">elaboraci\u00f3N propia<\/span><\/p>\n\n\n\n<p class=\"gb-headline gb-headline-01cd9d06\"><span class=\"gb-icon\"><svg xmlns=\"http:\/\/www.w3.org\/2000\/svg\" viewBox=\"0 0 512 512\"><path d=\"M256 0C156.748 0 76 80.748 76 180c0 33.534 9.289 66.26 26.869 94.652l142.885 230.257A15 15 0 00258.499 512h.119a14.997 14.997 0 0012.75-7.292L410.611 272.22C427.221 244.428 436 212.539 436 180 436 80.748 355.252 0 256 0zm128.866 256.818L258.272 468.186l-129.905-209.34C113.734 235.214 105.8 207.95 105.8 180c0-82.71 67.49-150.2 150.2-150.2S406.1 97.29 406.1 180c0 27.121-7.411 53.688-21.234 76.818z\"><\/path><path d=\"M256 90c-49.626 0-90 40.374-90 90 0 49.309 39.717 90 90 90 50.903 0 90-41.233 90-90 0-49.626-40.374-90-90-90zm0 150.2c-33.257 0-60.2-27.033-60.2-60.2 0-33.084 27.116-60.2 60.2-60.2s60.1 27.116 60.1 60.2c0 32.683-26.316 60.2-60.1 60.2z\"><\/path><\/svg><\/span><span class=\"gb-headline-text\"><strong>PRODUCTO DE PROXIMI<\/strong>DAD<\/span><\/p>\n\n\n\n<p class=\"gb-headline gb-headline-6b5f7376\"><span class=\"gb-icon\"><svg xmlns=\"http:\/\/www.w3.org\/2000\/svg\" viewBox=\"0 0 512 512\"><path d=\"M262.638 469.808l-6.608-5.671c-4.274-3.67-10.713-3.179-14.383 1.093-3.67 4.273-3.18 10.713 1.093 14.383l6.622 5.682a10.163 10.163 0 006.633 2.455c2.874 0 5.731-1.209 7.748-3.562 3.667-4.275 3.171-10.713-1.105-14.38zM364.572 24.249c-41.758 0-80.677 17.235-108.572 47.685-27.895-30.45-66.813-47.685-108.572-47.685C66.137 24.249 0 90.386 0 171.679c0 73.278 76.407 159.304 140.504 218.569 10.698 9.891 31.734 28.434 62.522 55.111a10.153 10.153 0 006.674 2.491c2.856 0 5.695-1.192 7.713-3.52 3.689-4.257 3.228-10.699-1.029-14.387-30.623-26.534-51.494-44.93-62.032-54.673-50.026-46.255-133.954-134.211-133.954-203.591 0-70.045 56.986-127.031 127.03-127.031 39.595 0 76.229 17.986 100.506 49.347a10.197 10.197 0 0016.129 0c24.278-31.361 60.911-49.347 100.506-49.347 70.046 0 127.032 56.986 127.032 127.031 0 27.659-16.011 63.851-47.587 107.568-30.171 41.773-67.469 80.036-87.016 99.125a51.268 51.268 0 01-32.302 14.456l-2.868.195c-14.428.989-28.162-3.934-38.687-13.847-8.131-7.658-13.363-17.414-15.235-28.104l19.137-19.137c18.088-18.089 26.821-38.474 26.694-62.319-.101-19.009-5.897-40.145-18.242-66.521-9.179-19.61-5.919-45.811-5.886-46.057a10.2 10.2 0 00-17.313-8.564l-45.424 45.306c-38.089 38.09-38.089 100.065 0 138.155l20.626 20.626c2.345 15.727 9.939 30.426 21.658 41.464 14.493 13.652 34.197 20.706 54.06 19.349l2.867-.195a71.683 71.683 0 0045.167-20.213c24.451-23.878 59.791-60.919 89.3-101.775C494.69 243.925 512 203.714 512 171.679c0-81.293-66.137-147.43-147.428-147.43zM256.959 263.262c-5.633 0-10.199 4.567-10.199 10.199v49.511l-5.462-5.462c-30.138-30.135-30.138-79.17-.01-109.298l27.861-27.789c.887 9.801 3.067 21.053 7.873 31.319 22.955 49.043 21.679 79.686-4.402 105.768l-5.462 5.462v-49.511c0-5.631-4.566-10.199-10.199-10.199z\"><\/path><\/svg><\/span><span class=\"gb-headline-text\"><strong>SALUDABLE Y ECOL\u00d3GICO<\/strong><\/span><\/p>\n\n<\/div><\/div><\/div>\n<\/div>\n<\/div><\/div>\n\n<div class=\"gb-container gb-container-d175a9c5\"><div class=\"gb-inside-container\">\n<div class=\"gb-grid-wrapper gb-grid-wrapper-a502a060\">\n<div class=\"gb-grid-column gb-grid-column-8cd1e0e7\"><div class=\"gb-container gb-container-8cd1e0e7\"><div class=\"gb-inside-container\">\n\n<h3 class=\"gb-headline gb-headline-8cfca30d gb-headline-text\">Ponte en contacto con nosotros.<\/h3>\n\n<\/div><\/div><\/div>\n\n<div class=\"gb-grid-column gb-grid-column-d11b5904\"><div class=\"gb-container gb-container-d11b5904\"><div class=\"gb-inside-container\">\n<div class=\"gb-button-wrapper gb-button-wrapper-b2ea3ae1\">\n\n<a class=\"gb-button gb-button-da0ec482\" href=\"https:\/\/xarcuteriaparis.com\/es\/contact\/\"><span class=\"gb-button-text\">Contactar<\/span><span class=\"gb-icon\"><svg fill=\"none\" xmlns=\"http:\/\/www.w3.org\/2000\/svg\" width=\"15\" height=\"15\"><path d=\"M13.5 7.5l-4-4m4 4l-4 4m4-4H1\" stroke=\"currentColor\"><\/path><\/svg><\/span><\/a>\n\n<\/div>\n<\/div><\/div><\/div>\n<\/div>\n<\/div><\/div>","protected":false},"excerpt":{"rendered":"","protected":false},"author":3,"featured_media":0,"parent":0,"menu_order":0,"comment_status":"closed","ping_status":"closed","template":"","meta":{"inline_featured_image":false,"footnotes":""},"class_list":["post-3587","page","type-page","status-publish"],"_links":{"self":[{"href":"https:\/\/xarcuteriaparis.com\/esp\/wp-json\/wp\/v2\/pages\/3587","targetHints":{"allow":["GET"]}}],"collection":[{"href":"https:\/\/xarcuteriaparis.com\/esp\/wp-json\/wp\/v2\/pages"}],"about":[{"href":"https:\/\/xarcuteriaparis.com\/esp\/wp-json\/wp\/v2\/types\/page"}],"author":[{"embeddable":true,"href":"https:\/\/xarcuteriaparis.com\/esp\/wp-json\/wp\/v2\/users\/3"}],"replies":[{"embeddable":true,"href":"https:\/\/xarcuteriaparis.com\/esp\/wp-json\/wp\/v2\/comments?post=3587"}],"version-history":[{"count":0,"href":"https:\/\/xarcuteriaparis.com\/esp\/wp-json\/wp\/v2\/pages\/3587\/revisions"}],"wp:attachment":[{"href":"https:\/\/xarcuteriaparis.com\/esp\/wp-json\/wp\/v2\/media?parent=3587"}],"curies":[{"name":"wp","href":"https:\/\/api.w.org\/{rel}","templated":true}]}}